{"id":22695,"date":"2025-08-29T12:43:36","date_gmt":"2025-08-29T10:43:36","guid":{"rendered":"https:\/\/www.orbit.cz\/?page_id=22695"},"modified":"2025-11-12T14:07:16","modified_gmt":"2025-11-12T13:07:16","slug":"linkedin-post","status":"publish","type":"page","link":"https:\/\/www.orbit.cz\/en\/linkedin-post\/","title":{"rendered":"LinkedIn posts"},"content":{"rendered":"<p><\/p>\n\n\n\n<p><\/p>\n\n\n<style>.kadence-column22695_815aae-83 > .kt-inside-inner-col,.kadence-column22695_815aae-83 > .kt-inside-inner-col:before{border-top-left-radius:0px;border-top-right-radius:0px;border-bottom-right-radius:0px;border-bottom-left-radius:0px;}.kadence-column22695_815aae-83 > .kt-inside-inner-col{column-gap:var(--global-kb-gap-sm, 1rem);}.kadence-column22695_815aae-83 > .kt-inside-inner-col{flex-direction:column;}.kadence-column22695_815aae-83 > .kt-inside-inner-col > .aligncenter{width:100%;}.kadence-column22695_815aae-83 > .kt-inside-inner-col:before{opacity:0.3;}.kadence-column22695_815aae-83{position:relative;}.kadence-column22695_815aae-83, .kt-inside-inner-col > .kadence-column22695_815aae-83:not(.specificity){margin-top:var(--global-kb-spacing-sm, 1.5rem);}@media all and (max-width: 1024px){.kadence-column22695_815aae-83 > .kt-inside-inner-col{flex-direction:column;justify-content:center;}}@media all and (max-width: 767px){.kadence-column22695_815aae-83 > .kt-inside-inner-col{flex-direction:column;justify-content:center;}}<\/style>\n<div class=\"wp-block-kadence-column kadence-column22695_815aae-83\"><div class=\"kt-inside-inner-col\">\n<iframe src='https:\/\/widgets.sociablekit.com\/linkedin-page-posts\/iframe\/25621409' frameborder='0' width='100%' height='1000'><\/iframe>\n<\/div><\/div>\n\n\n\n<p><\/p>","protected":false},"excerpt":{"rendered":"","protected":false},"author":36,"featured_media":0,"parent":0,"menu_order":1,"comment_status":"closed","ping_status":"closed","template":"","meta":{"_acf_changed":false,"_kad_blocks_custom_css":"","_kad_blocks_head_custom_js":"","_kad_blocks_body_custom_js":"","_kad_blocks_footer_custom_js":"","_kad_post_transparent":"","_kad_post_title":"hide","_kad_post_layout":"default","_kad_post_sidebar_id":"","_kad_post_content_style":"","_kad_post_vertical_padding":"","_kad_post_feature":"","_kad_post_feature_position":"","_kad_post_header":false,"_kad_post_footer":false,"_kad_post_classname":"","footnotes":""},"klic_citace":[],"class_list":["post-22695","page","type-page","status-publish","hentry"],"acf":[],"yoast_head":"<!-- This site is optimized with the Yoast SEO plugin v27.4 - https:\/\/yoast.com\/product\/yoast-seo-wordpress\/ -->\n<title>LinkedIn posty - ORBIT | create IT your own way<\/title>\n<meta name=\"robots\" content=\"index, follow, max-snippet:-1, max-image-preview:large, max-video-preview:-1\" \/>\n<link rel=\"canonical\" href=\"https:\/\/www.orbit.cz\/en\/linkedin-post\/\" \/>\n<meta property=\"og:locale\" content=\"en_GB\" \/>\n<meta property=\"og:type\" content=\"article\" \/>\n<meta property=\"og:title\" content=\"LinkedIn posty - ORBIT | create IT your own way\" \/>\n<meta property=\"og:url\" content=\"https:\/\/www.orbit.cz\/en\/linkedin-post\/\" \/>\n<meta property=\"og:site_name\" content=\"ORBIT | create IT your own way\" \/>\n<meta property=\"article:modified_time\" content=\"2025-11-12T13:07:16+00:00\" \/>\n<meta name=\"twitter:card\" content=\"summary_large_image\" \/>\n<script type=\"application\/ld+json\" class=\"yoast-schema-graph\">{\"@context\":\"https:\\\/\\\/schema.org\",\"@graph\":[{\"@type\":\"WebPage\",\"@id\":\"https:\\\/\\\/www.orbit.cz\\\/linkedin-post\\\/\",\"url\":\"https:\\\/\\\/www.orbit.cz\\\/linkedin-post\\\/\",\"name\":\"LinkedIn posty - ORBIT | create IT your own way\",\"isPartOf\":{\"@id\":\"https:\\\/\\\/www.orbit.cz\\\/#website\"},\"datePublished\":\"2025-08-29T10:43:36+00:00\",\"dateModified\":\"2025-11-12T13:07:16+00:00\",\"breadcrumb\":{\"@id\":\"https:\\\/\\\/www.orbit.cz\\\/linkedin-post\\\/#breadcrumb\"},\"inLanguage\":\"en-GB\",\"potentialAction\":[{\"@type\":\"ReadAction\",\"target\":[\"https:\\\/\\\/www.orbit.cz\\\/linkedin-post\\\/\"]}]},{\"@type\":\"BreadcrumbList\",\"@id\":\"https:\\\/\\\/www.orbit.cz\\\/linkedin-post\\\/#breadcrumb\",\"itemListElement\":[{\"@type\":\"ListItem\",\"position\":1,\"name\":\"Home\",\"item\":\"https:\\\/\\\/www.orbit.cz\\\/\"},{\"@type\":\"ListItem\",\"position\":2,\"name\":\"LinkedIn posty\"}]},{\"@type\":\"WebSite\",\"@id\":\"https:\\\/\\\/www.orbit.cz\\\/#website\",\"url\":\"https:\\\/\\\/www.orbit.cz\\\/\",\"name\":\"ORBIT | create IT your own way\",\"description\":\"ORBIT | create IT your own way\",\"publisher\":{\"@id\":\"https:\\\/\\\/www.orbit.cz\\\/#organization\"},\"potentialAction\":[{\"@type\":\"SearchAction\",\"target\":{\"@type\":\"EntryPoint\",\"urlTemplate\":\"https:\\\/\\\/www.orbit.cz\\\/?s={search_term_string}\"},\"query-input\":{\"@type\":\"PropertyValueSpecification\",\"valueRequired\":true,\"valueName\":\"search_term_string\"}}],\"inLanguage\":\"en-GB\"},{\"@type\":\"Organization\",\"@id\":\"https:\\\/\\\/www.orbit.cz\\\/#organization\",\"name\":\"ORBIT s.r.o.\",\"url\":\"https:\\\/\\\/www.orbit.cz\\\/\",\"logo\":{\"@type\":\"ImageObject\",\"inLanguage\":\"en-GB\",\"@id\":\"https:\\\/\\\/www.orbit.cz\\\/#\\\/schema\\\/logo\\\/image\\\/\",\"url\":\"https:\\\/\\\/www.orbit.cz\\\/wp-content\\\/uploads\\\/2020\\\/11\\\/logoslogan-01.png\",\"contentUrl\":\"https:\\\/\\\/www.orbit.cz\\\/wp-content\\\/uploads\\\/2020\\\/11\\\/logoslogan-01.png\",\"width\":1417,\"height\":829,\"caption\":\"ORBIT s.r.o.\"},\"image\":{\"@id\":\"https:\\\/\\\/www.orbit.cz\\\/#\\\/schema\\\/logo\\\/image\\\/\"},\"sameAs\":[\"https:\\\/\\\/www.linkedin.com\\\/company\\\/orbit\\\/\"]}]}<\/script>\n<!-- \/ Yoast SEO plugin. -->","yoast_head_json":{"title":"LinkedIn posts - ORBIT | create IT your own way","robots":{"index":"index","follow":"follow","max-snippet":"max-snippet:-1","max-image-preview":"max-image-preview:large","max-video-preview":"max-video-preview:-1"},"canonical":"https:\/\/www.orbit.cz\/en\/linkedin-post\/","og_locale":"en_GB","og_type":"article","og_title":"LinkedIn posty - ORBIT | create IT your own way","og_url":"https:\/\/www.orbit.cz\/en\/linkedin-post\/","og_site_name":"ORBIT | create IT your own way","article_modified_time":"2025-11-12T13:07:16+00:00","twitter_card":"summary_large_image","schema":{"@context":"https:\/\/schema.org","@graph":[{"@type":"WebPage","@id":"https:\/\/www.orbit.cz\/linkedin-post\/","url":"https:\/\/www.orbit.cz\/linkedin-post\/","name":"LinkedIn posts - ORBIT | create IT your own way","isPartOf":{"@id":"https:\/\/www.orbit.cz\/#website"},"datePublished":"2025-08-29T10:43:36+00:00","dateModified":"2025-11-12T13:07:16+00:00","breadcrumb":{"@id":"https:\/\/www.orbit.cz\/linkedin-post\/#breadcrumb"},"inLanguage":"en-GB","potentialAction":[{"@type":"ReadAction","target":["https:\/\/www.orbit.cz\/linkedin-post\/"]}]},{"@type":"BreadcrumbList","@id":"https:\/\/www.orbit.cz\/linkedin-post\/#breadcrumb","itemListElement":[{"@type":"ListItem","position":1,"name":"Home","item":"https:\/\/www.orbit.cz\/"},{"@type":"ListItem","position":2,"name":"LinkedIn posty"}]},{"@type":"WebSite","@id":"https:\/\/www.orbit.cz\/#website","url":"https:\/\/www.orbit.cz\/","name":"ORBIT | create IT your own way","description":"ORBIT | create IT your own way","publisher":{"@id":"https:\/\/www.orbit.cz\/#organization"},"potentialAction":[{"@type":"SearchAction","target":{"@type":"EntryPoint","urlTemplate":"https:\/\/www.orbit.cz\/?s={search_term_string}"},"query-input":{"@type":"PropertyValueSpecification","valueRequired":true,"valueName":"search_term_string"}}],"inLanguage":"en-GB"},{"@type":"Organization","@id":"https:\/\/www.orbit.cz\/#organization","name":"ORBIT s.r.o.","url":"https:\/\/www.orbit.cz\/","logo":{"@type":"ImageObject","inLanguage":"en-GB","@id":"https:\/\/www.orbit.cz\/#\/schema\/logo\/image\/","url":"https:\/\/www.orbit.cz\/wp-content\/uploads\/2020\/11\/logoslogan-01.png","contentUrl":"https:\/\/www.orbit.cz\/wp-content\/uploads\/2020\/11\/logoslogan-01.png","width":1417,"height":829,"caption":"ORBIT s.r.o."},"image":{"@id":"https:\/\/www.orbit.cz\/#\/schema\/logo\/image\/"},"sameAs":["https:\/\/www.linkedin.com\/company\/orbit\/"]}]}},"taxonomy_info":[],"featured_image_src_large":false,"author_info":{"display_name":"Adam Kl\u00e1\u0161tersk\u00fd","author_link":"https:\/\/www.orbit.cz\/en\/author\/f7b80db462681942\/"},"comment_info":0,"_links":{"self":[{"href":"https:\/\/www.orbit.cz\/en\/wp-json\/wp\/v2\/pages\/22695","targetHints":{"allow":["GET"]}}],"collection":[{"href":"https:\/\/www.orbit.cz\/en\/wp-json\/wp\/v2\/pages"}],"about":[{"href":"https:\/\/www.orbit.cz\/en\/wp-json\/wp\/v2\/types\/page"}],"author":[{"embeddable":true,"href":"https:\/\/www.orbit.cz\/en\/wp-json\/wp\/v2\/users\/36"}],"replies":[{"embeddable":true,"href":"https:\/\/www.orbit.cz\/en\/wp-json\/wp\/v2\/comments?post=22695"}],"version-history":[{"count":3,"href":"https:\/\/www.orbit.cz\/en\/wp-json\/wp\/v2\/pages\/22695\/revisions"}],"predecessor-version":[{"id":23076,"href":"https:\/\/www.orbit.cz\/en\/wp-json\/wp\/v2\/pages\/22695\/revisions\/23076"}],"wp:attachment":[{"href":"https:\/\/www.orbit.cz\/en\/wp-json\/wp\/v2\/media?parent=22695"}],"wp:term":[{"taxonomy":"klic_citace","embeddable":true,"href":"https:\/\/www.orbit.cz\/en\/wp-json\/wp\/v2\/klic_citace?post=22695"}],"curies":[{"name":"wp","href":"https:\/\/api.w.org\/{rel}","templated":true}]}}